{"id":7,"date":"2018-09-04T18:11:31","date_gmt":"2018-09-04T16:11:31","guid":{"rendered":"http:\/\/restauracja.psikus.net\/?page_id=7"},"modified":"2019-09-12T18:32:43","modified_gmt":"2019-09-12T16:32:43","slug":"hotel","status":"publish","type":"page","link":"https:\/\/hotelactive.pl\/de\/hotel\/","title":{"rendered":"Hotel Active"},"content":{"rendered":"<p><img loading=\"lazy\" class=\"wp-image-215 alignright\" src=\"http:\/\/hotelactive.pl\/wp-content\/uploads\/2018\/10\/ND3_9318-1024x700.jpg\" alt=\"\" width=\"636\" height=\"434\" srcset=\"https:\/\/hotelactive.pl\/wp-content\/uploads\/2018\/10\/ND3_9318-1024x700.jpg 1024w, https:\/\/hotelactive.pl\/wp-content\/uploads\/2018\/10\/ND3_9318-300x205.jpg 300w, https:\/\/hotelactive.pl\/wp-content\/uploads\/2018\/10\/ND3_9318-768x525.jpg 768w\" sizes=\"(max-width: 636px) 100vw, 636px\" \/>Das neu erbaute Hotel ACTIVE liegt am Ufer des Trzesiecko-Sees und verf\u00fcgt \u00fcber elf moderne Zimmer sowie einen Verleih f\u00fcr Strand- und Wasserausr\u00fcstung. Das Hotel befindet sich im Herzen des Stettiner Parks, der unseren G\u00e4sten ungest\u00f6rte Ruhe und Erholung garantiert. Das Hotel ACTIVE verf\u00fcgt \u00fcber ein einzigartiges Innendesign und das Wichtigste: professionellen und diskreten Service. Wir bieten unseren G\u00e4sten ger\u00e4umige und komfortabel eingerichtete Zimmer mit Bad, TV, Telefon, Safe sowie Internetzugang (LAN und WLAN). Als Gast des Hotels k\u00f6nnen Sie die kostenfreien Parkpl\u00e4tze vor dem Hotel nutzen.<\/p>\n<p>Das Personal des Active Hotels erkennt die Zufriedenheit seiner G\u00e4ste als h\u00f6chsten Wert an, weshalb sie w\u00e4hrend ihres gesamten Aufenthalts alle Anstrengungen unternehmen, um sicherzustellen, dass die Zeit in einer sch\u00f6nen, friedlichen Atmosph\u00e4re vergeht.<\/p>\n<h2 class=\"western\">Ernholung<\/h2>\n<p align=\"JUSTIFY\"><a name=\"galeria1\"><\/a> Szczecinek ist eine Stadt im Osten der Pommerschen Seenplatte in der polnischen Woiwod-schaft Westpommern. Die Stadt liegt im Zentrum der Draheimer Seenplatte, umgeben von wundersch\u00f6nen Waldgebieten und zahlreichen Seen. Herrliche Landschaften und die geogra-fische Lage verleihen unserer Stadt eine bedeutende touristische Rolle. Szczecinek bietet un-seren G\u00e4sten, au\u00dfer unz\u00e4hligen Wander- und Fahrradwegen, die zu einer Rast verlocken, viele Sehensw\u00fcrdigkeiten an. Zu den wichtigsten geh\u00f6ren:<\/p>\n<ul>\n<li><a name=\"galeria2\"><\/a> das Schloss der pommerschen Herz\u00f6ge,<\/li>\n<li>das neugotische Rathausgeb\u00e4ude, heute der Sitz der Stadtverwaltung mit dem Sitzungssaal des Rates mit Glasgem\u00e4lden von Carl Bosch,<\/li>\n<li>die alte Nikolaikirche,<\/li>\n<li>die Kirche St. Marien,<\/li>\n<li>der Bismarckturm, heute als Przemyslaw-Turm bezeichnet,<\/li>\n<li>der Stadtpark mit renovierter Promenade,<\/li>\n<li>das Denkmal im Stadtpark f\u00fcr die Toten Neustettins,<\/li>\n<li>das regionale Museum und vieles mehr<\/li>\n<\/ul>\n","protected":false},"excerpt":{"rendered":"<p>Das neu erbaute Hotel ACTIVE liegt am Ufer des Trzesiecko-Sees und verf\u00fcgt \u00fcber elf moderne Zimmer sowie einen Verleih f\u00fcr Strand- und Wasserausr\u00fcstung. Das Hotel befindet sich im Herzen des Stettiner Parks, der unseren G\u00e4sten ungest\u00f6rte Ruhe und Erholung garantiert. Das Hotel ACTIVE verf\u00fcgt \u00fcber ein einzigartiges Innendesign und das Wichtigste: professionellen und diskreten Service.<span class=\"post-excerpt-end\">&hellip;<\/span><\/p>\n<p class=\"more-link\"><a href=\"https:\/\/hotelactive.pl\/de\/hotel\/\" class=\"themebutton\">Read More<\/a><\/p>\n","protected":false},"author":1,"featured_media":0,"parent":0,"menu_order":6,"comment_status":"closed","ping_status":"closed","template":"","meta":[],"translation":{"provider":"WPGlobus","version":"2.12.2","language":"de","enabled_languages":["pl","en","de"],"languages":{"pl":{"title":true,"content":true,"excerpt":false},"en":{"title":false,"content":true,"excerpt":false},"de":{"title":false,"content":true,"excerpt":false}}},"_links":{"self":[{"href":"https:\/\/hotelactive.pl\/de\/wp-json\/wp\/v2\/pages\/7"}],"collection":[{"href":"https:\/\/hotelactive.pl\/de\/wp-json\/wp\/v2\/pages"}],"about":[{"href":"https:\/\/hotelactive.pl\/de\/wp-json\/wp\/v2\/types\/page"}],"author":[{"embeddable":true,"href":"https:\/\/hotelactive.pl\/de\/wp-json\/wp\/v2\/users\/1"}],"replies":[{"embeddable":true,"href":"https:\/\/hotelactive.pl\/de\/wp-json\/wp\/v2\/comments?post=7"}],"version-history":[{"count":16,"href":"https:\/\/hotelactive.pl\/de\/wp-json\/wp\/v2\/pages\/7\/revisions"}],"predecessor-version":[{"id":502,"href":"https:\/\/hotelactive.pl\/de\/wp-json\/wp\/v2\/pages\/7\/revisions\/502"}],"wp:attachment":[{"href":"https:\/\/hotelactive.pl\/de\/wp-json\/wp\/v2\/media?parent=7"}],"curies":[{"name":"wp","href":"https:\/\/api.w.org\/{rel}","templated":true}]}}