{"id":241,"date":"2018-10-26T16:21:35","date_gmt":"2018-10-26T14:21:35","guid":{"rendered":"http:\/\/restauracja.psikus.net\/?page_id=241"},"modified":"2021-12-03T13:29:43","modified_gmt":"2021-12-03T12:29:43","slug":"na-glowna","status":"publish","type":"page","link":"https:\/\/hotelactive.pl\/de\/","title":{"rendered":"Strona g\u0142\u00f3wna"},"content":{"rendered":"<p><img loading=\"lazy\" class=\"alignnone size-large wp-image-199\" src=\"http:\/\/hotelactive.pl\/wp-content\/uploads\/2018\/10\/ND3_8988-1024x681.jpg\" alt=\"\" width=\"1024\" height=\"681\" srcset=\"https:\/\/hotelactive.pl\/wp-content\/uploads\/2018\/10\/ND3_8988-1024x681.jpg 1024w, https:\/\/hotelactive.pl\/wp-content\/uploads\/2018\/10\/ND3_8988-300x200.jpg 300w, https:\/\/hotelactive.pl\/wp-content\/uploads\/2018\/10\/ND3_8988-768x511.jpg 768w, https:\/\/hotelactive.pl\/wp-content\/uploads\/2018\/10\/ND3_8988-570x380.jpg 570w, https:\/\/hotelactive.pl\/wp-content\/uploads\/2018\/10\/ND3_8988-380x254.jpg 380w, https:\/\/hotelactive.pl\/wp-content\/uploads\/2018\/10\/ND3_8988-285x190.jpg 285w\" sizes=\"(max-width: 1024px) 100vw, 1024px\" \/><\/p>\n<p>Hotel Active l\u00e4dt Sie zu einem wundersch\u00f6nen Urlaub in Szczecinek ein!<\/p>\n<p>Das Hotel Active ist das einzige Hotel dieser Art in Szczecinek. In einer bezaubernden Gegend direkt am Ufer des Trzesiecko-Sees gelegen, bietet es die perfekte Atmosph\u00e4re und die M\u00f6glichkeit f\u00fcr eine komfortable Erholung. Wir haben f\u00fcr Sie eine komfortable Unterkunft in elf voll ausgestatteten Zimmern vorbereitet. Hotels wie unsere erkennen die Zufriedenheit ihrer G\u00e4ste als h\u00f6chsten Wert an, so dass wir w\u00e4hrend des gesamten Aufenthaltes bei uns darauf achten, dass Sie nichts verpassen.<\/p>\n<p>Wenn Sie also eine attraktive Unterkunft in der N\u00e4he des Sees suchen, werden Sie von unserem Angebot begeistert sein.<\/p>\n<p>Toller Standard der Zimmer, exzellente Lage, g\u00fcnstige Preise und professioneller Service.<\/p>\n<p>Ruhe in unserer Einrichtung ist Komfort und garantierte Zufriedenheit. Herzlich willkommen!<\/p>\n<p>&nbsp;<\/p>\n<p><strong>HOTEL ACTIVE<\/strong>,<\/p>\n<div>ul.\u00a0Ordona 29,\u00a078-400\u00a0Szczecinek,<\/div>\n<p>tel.:\u00a094 37 490 70, e-mail:\u00a0recepcja@hotelactive.pl<\/p>\n","protected":false},"excerpt":{"rendered":"<p>Hotel Active l\u00e4dt Sie zu einem wundersch\u00f6nen Urlaub in Szczecinek ein! Das Hotel Active ist das einzige Hotel dieser Art in Szczecinek. In einer bezaubernden Gegend direkt am Ufer des Trzesiecko-Sees gelegen, bietet es die perfekte Atmosph\u00e4re und die M\u00f6glichkeit f\u00fcr eine komfortable Erholung. Wir haben f\u00fcr Sie eine komfortable Unterkunft in elf voll ausgestatteten<span class=\"post-excerpt-end\">&hellip;<\/span><\/p>\n<p class=\"more-link\"><a href=\"https:\/\/hotelactive.pl\/de\/\" class=\"themebutton\">Read More<\/a><\/p>\n","protected":false},"author":1,"featured_media":0,"parent":0,"menu_order":1,"comment_status":"closed","ping_status":"closed","template":"","meta":[],"translation":{"provider":"WPGlobus","version":"2.12.2","language":"de","enabled_languages":["pl","en","de"],"languages":{"pl":{"title":true,"content":true,"excerpt":false},"en":{"title":false,"content":true,"excerpt":false},"de":{"title":false,"content":true,"excerpt":false}}},"_links":{"self":[{"href":"https:\/\/hotelactive.pl\/de\/wp-json\/wp\/v2\/pages\/241"}],"collection":[{"href":"https:\/\/hotelactive.pl\/de\/wp-json\/wp\/v2\/pages"}],"about":[{"href":"https:\/\/hotelactive.pl\/de\/wp-json\/wp\/v2\/types\/page"}],"author":[{"embeddable":true,"href":"https:\/\/hotelactive.pl\/de\/wp-json\/wp\/v2\/users\/1"}],"replies":[{"embeddable":true,"href":"https:\/\/hotelactive.pl\/de\/wp-json\/wp\/v2\/comments?post=241"}],"version-history":[{"count":16,"href":"https:\/\/hotelactive.pl\/de\/wp-json\/wp\/v2\/pages\/241\/revisions"}],"predecessor-version":[{"id":557,"href":"https:\/\/hotelactive.pl\/de\/wp-json\/wp\/v2\/pages\/241\/revisions\/557"}],"wp:attachment":[{"href":"https:\/\/hotelactive.pl\/de\/wp-json\/wp\/v2\/media?parent=241"}],"curies":[{"name":"wp","href":"https:\/\/api.w.org\/{rel}","templated":true}]}}