{"id":462,"date":"2020-05-28T19:18:23","date_gmt":"2020-05-28T17:18:23","guid":{"rendered":"http:\/\/hotelactive.pl\/?page_id=462"},"modified":"2020-05-28T19:18:23","modified_gmt":"2020-05-28T17:18:23","slug":"sala-konferencyjna","status":"publish","type":"page","link":"http:\/\/hotelactive.pl\/de\/sala-konferencyjna\/","title":{"rendered":"Sala konferencyjna"},"content":{"rendered":"<p>Sala konferencyjna Hotelu Active wyposa\u017cona jest w nowoczesny sprz\u0119t audiowizualny. Do dyspozycji jest ekran i projektor multimedialny, nag\u0142o\u015bnienie, a w tym mikrofon bezprzewodowy z nadajnikiem nag\u0142ownym oraz standardowym mikrofonem do r\u0119ki.<\/p>\n<p>Dodatkowymi opcjami mog\u0105 by\u0107: wi\u0119ksza ilo\u015b\u0107 mikrofon\u00f3w, w tym r\u00f3wnie\u017c krawatowe, podesty estradowe, o\u015bwietlenie dekoracyjne i architektoniczne.<\/p>\n<p>Zapraszamy do kontaktu telefoniczniego : +48 790 666 882 \/ 094 37 490 70 lub mailowego : recepcja@hotelactive.pl<\/p>\n","protected":false},"excerpt":{"rendered":"<p>Sala konferencyjna Hotelu Active wyposa\u017cona jest w nowoczesny sprz\u0119t audiowizualny. Do dyspozycji jest ekran i projektor multimedialny, nag\u0142o\u015bnienie, a w tym mikrofon bezprzewodowy z nadajnikiem nag\u0142ownym oraz standardowym mikrofonem do r\u0119ki. Dodatkowymi opcjami mog\u0105 by\u0107: wi\u0119ksza ilo\u015b\u0107 mikrofon\u00f3w, w tym r\u00f3wnie\u017c krawatowe, podesty estradowe, o\u015bwietlenie dekoracyjne i architektoniczne. Zapraszamy do kontaktu telefoniczniego : +48 790<span class=\"post-excerpt-end\">&hellip;<\/span><\/p>\n<p class=\"more-link\"><a href=\"http:\/\/hotelactive.pl\/de\/sala-konferencyjna\/\" class=\"themebutton\">Read More<\/a><\/p>\n","protected":false},"author":1,"featured_media":0,"parent":0,"menu_order":0,"comment_status":"closed","ping_status":"closed","template":"","meta":[],"translation":{"provider":"WPGlobus","version":"2.12.2","language":"de","enabled_languages":["pl","en","de"],"languages":{"pl":{"title":true,"content":true,"excerpt":false},"en":{"title":false,"content":false,"excerpt":false},"de":{"title":false,"content":false,"excerpt":false}}},"_links":{"self":[{"href":"http:\/\/hotelactive.pl\/de\/wp-json\/wp\/v2\/pages\/462"}],"collection":[{"href":"http:\/\/hotelactive.pl\/de\/wp-json\/wp\/v2\/pages"}],"about":[{"href":"http:\/\/hotelactive.pl\/de\/wp-json\/wp\/v2\/types\/page"}],"author":[{"embeddable":true,"href":"http:\/\/hotelactive.pl\/de\/wp-json\/wp\/v2\/users\/1"}],"replies":[{"embeddable":true,"href":"http:\/\/hotelactive.pl\/de\/wp-json\/wp\/v2\/comments?post=462"}],"version-history":[{"count":2,"href":"http:\/\/hotelactive.pl\/de\/wp-json\/wp\/v2\/pages\/462\/revisions"}],"predecessor-version":[{"id":555,"href":"http:\/\/hotelactive.pl\/de\/wp-json\/wp\/v2\/pages\/462\/revisions\/555"}],"wp:attachment":[{"href":"http:\/\/hotelactive.pl\/de\/wp-json\/wp\/v2\/media?parent=462"}],"curies":[{"name":"wp","href":"https:\/\/api.w.org\/{rel}","templated":true}]}}