{"id":272,"date":"2018-11-09T15:09:30","date_gmt":"2018-11-09T14:09:30","guid":{"rendered":"http:\/\/hotelactive.pl\/?page_id=272"},"modified":"2019-09-12T15:56:30","modified_gmt":"2019-09-12T13:56:30","slug":"rodo","status":"publish","type":"page","link":"http:\/\/hotelactive.pl\/de\/hotel\/rodo\/","title":{"rendered":"Rodo"},"content":{"rendered":"<p>1. Der Administrator der vom Benutzer \u00fcber die Website bereitgestellten personenbezogenen Daten ist Bordon Sp. Z oo. z o. o., ul. Ordona 29, 78-400 Szczecinek, NIP 6730013001.<\/p>\n<p>2. Rechtsgrundlage f\u00fcr die Verarbeitung von Benutzerdaten ist die Verordnung (EU) 2016\/679 des Europ\u00e4ischen Parlaments und des Rates vom 27. April 2016 zum Schutz nat\u00fcrlicher Personen bei der Verarbeitung personenbezogener Daten und zum freien Datenverkehr sowie zur Aufhebung der Richtlinie 95\/46 \/ EG (Datenschutzgrundverordnung) (Amtsblatt EU L 119 vom 04.05.2016, S. 1) im Folgenden DSGVO.<\/p>\n<p>3. Die Angabe personenbezogener Daten durch den Nutzer ist freiwillig, jedoch erforderlich, um den Vertrag abzuschlie\u00dfen und auszuf\u00fchren oder eine Rechnung auszustellen.<\/p>\n<p>4. Der Administrator verarbeitet die vom Nutzer freiwillig zur Verf\u00fcgung gestellten personenbezogenen Daten nur zu folgenden Zwecken:<br \/>\na) Beantwortung von Nutzeranfragen \u00fcber das Kontaktformular,<br \/>\nb) Annahme von Reservierungen \u00fcber das Online-Reservierungssystem,<br \/>\nc) die Erbringung von Dienstleistungen durch den Administrator gem\u00e4\u00df Art. 6 Klausel 1 lit. b) DSGVO,<br \/>\nd) Marketing, einschlie\u00dflich des Versendens von Gesch\u00e4ftsinformationen an eine E-Mail-Adresse, wenn der Kunde dem zugestimmt hat, indem er das entsprechende K\u00e4stchen im Buchungsprozess ankreuzt oder eine Frage \u00fcber das Kontaktformular absendet.<br \/>\ne) Erf\u00fcllung der gesetzlichen Verpflichtung des Administrators gem\u00e4\u00df Art. 6 Klausel 1 lit. c) DSGVO<br \/>\nf) Wahrnehmung des berechtigten Interesses des Verwalters personenbezogener Daten in besonderen F\u00e4llen gem\u00e4\u00df Art. 6 Klausel 1 lit. f) GDPR, beispielsweise Inkasso oder Video\u00fcberwachung des Site-Verkehrs,<br \/>\n5. Die Empf\u00e4nger der personenbezogenen Daten des Benutzers k\u00f6nnen juristische Personen sein, zu deren Angabe der Administrator nach geltendem Recht verpflichtet ist, Personen, mit denen der Administrator einen Vertrag abschlie\u00dft und mit denen er einen Vertrag abschlie\u00dft (Mitarbeiter, f\u00fcr den Administrator t\u00e4tige Stellen), juristische Personen, die f\u00fcr den Administrator t\u00e4tige Stellen Buchhaltung, Recht, IT, Marketing.<\/p>\n<p>6. Der Nutzer hat das Recht, den Administrator aufzufordern, auf seine personenbezogenen Daten zuzugreifen, diese zu berichtigen, ihre Verarbeitung einzuschr\u00e4nken, zu l\u00f6schen, ihrer Verarbeitung zu widersprechen, vorbehaltlich des Punktes 8.<\/p>\n<p>7. F\u00fcr den Fall, dass die personenbezogenen Daten des Benutzers vom Administrator entgegen den Bestimmungen und gesetzlichen Bestimmungen verarbeitet werden, hat er das Recht, eine Beschwerde beim Pr\u00e4sidenten des Amtes f\u00fcr den Schutz personenbezogener Daten einzureichen.<\/p>\n<p>8. Die personenbezogenen Daten des Nutzers werden vom Administrator nicht l\u00e4nger als n\u00f6tig f\u00fcr die ordnungsgem\u00e4\u00dfe Umsetzung der unter Punkt genannten Zwecke verarbeitet 4, zu allen Zeiten, in denen der Vertrag ausgef\u00fchrt wird, und sp\u00e4ter, bis zum Ablauf der Verj\u00e4hrungsfrist f\u00fcr Anspr\u00fcche aus dem Vertrag oder der endg\u00fcltigen Beendigung des Verfahrens im Zusammenhang mit den Anspr\u00fcchen und Rechten aus dem Vertrag.<\/p>\n<p>9. Fragen im Zusammenhang mit der Verarbeitung personenbezogener Daten und der Meldung von Problemen im Zusammenhang mit der Verarbeitung personenbezogener Daten durch den Administrator kann der Benutzer an die Korrespondenzadresse von Bordon Sp\u00f3\u0142ka Sp. Z oo weiterleiten. o.o oder per E-Mail an recepcja@hotelactive.pl<br \/>\nDas Hotel Active verf\u00fcgt \u00fcber einen eigenen Verleih von Schwimmausr\u00fcstung und Citybikes.<\/p>\n","protected":false},"excerpt":{"rendered":"<p>1. Der Administrator der vom Benutzer \u00fcber die Website bereitgestellten personenbezogenen Daten ist Bordon Sp. Z oo. z o. o., ul. Ordona 29, 78-400 Szczecinek, NIP 6730013001. 2. Rechtsgrundlage f\u00fcr die Verarbeitung von Benutzerdaten ist die Verordnung (EU) 2016\/679 des Europ\u00e4ischen Parlaments und des Rates vom 27. April 2016 zum Schutz nat\u00fcrlicher Personen bei der<span class=\"post-excerpt-end\">&hellip;<\/span><\/p>\n<p class=\"more-link\"><a href=\"http:\/\/hotelactive.pl\/de\/hotel\/rodo\/\" class=\"themebutton\">Read More<\/a><\/p>\n","protected":false},"author":1,"featured_media":0,"parent":7,"menu_order":10,"comment_status":"closed","ping_status":"closed","template":"","meta":[],"translation":{"provider":"WPGlobus","version":"2.12.2","language":"de","enabled_languages":["pl","en","de"],"languages":{"pl":{"title":true,"content":true,"excerpt":false},"en":{"title":false,"content":true,"excerpt":false},"de":{"title":false,"content":true,"excerpt":false}}},"_links":{"self":[{"href":"http:\/\/hotelactive.pl\/de\/wp-json\/wp\/v2\/pages\/272"}],"collection":[{"href":"http:\/\/hotelactive.pl\/de\/wp-json\/wp\/v2\/pages"}],"about":[{"href":"http:\/\/hotelactive.pl\/de\/wp-json\/wp\/v2\/types\/page"}],"author":[{"embeddable":true,"href":"http:\/\/hotelactive.pl\/de\/wp-json\/wp\/v2\/users\/1"}],"replies":[{"embeddable":true,"href":"http:\/\/hotelactive.pl\/de\/wp-json\/wp\/v2\/comments?post=272"}],"version-history":[{"count":6,"href":"http:\/\/hotelactive.pl\/de\/wp-json\/wp\/v2\/pages\/272\/revisions"}],"predecessor-version":[{"id":408,"href":"http:\/\/hotelactive.pl\/de\/wp-json\/wp\/v2\/pages\/272\/revisions\/408"}],"up":[{"embeddable":true,"href":"http:\/\/hotelactive.pl\/de\/wp-json\/wp\/v2\/pages\/7"}],"wp:attachment":[{"href":"http:\/\/hotelactive.pl\/de\/wp-json\/wp\/v2\/media?parent=272"}],"curies":[{"name":"wp","href":"https:\/\/api.w.org\/{rel}","templated":true}]}}