{"id":17,"date":"2018-09-04T18:13:55","date_gmt":"2018-09-04T16:13:55","guid":{"rendered":"http:\/\/restauracja.psikus.net\/?page_id=17"},"modified":"2026-03-23T18:57:15","modified_gmt":"2026-03-23T17:57:15","slug":"wypozyczalnia-sprzetu","status":"publish","type":"page","link":"http:\/\/hotelactive.pl\/de\/wypozyczalnia-sprzetu\/","title":{"rendered":"Verleih von Sportger\u00e4ten"},"content":{"rendered":"<p><img loading=\"lazy\" class=\"alignnone size-large wp-image-216\" src=\"http:\/\/hotelactive.pl\/wp-content\/uploads\/2018\/10\/ND3_9351-1024x682.jpg\" alt=\"\" width=\"1024\" height=\"682\" srcset=\"http:\/\/hotelactive.pl\/wp-content\/uploads\/2018\/10\/ND3_9351-1024x682.jpg 1024w, http:\/\/hotelactive.pl\/wp-content\/uploads\/2018\/10\/ND3_9351-300x200.jpg 300w, http:\/\/hotelactive.pl\/wp-content\/uploads\/2018\/10\/ND3_9351-768x511.jpg 768w, http:\/\/hotelactive.pl\/wp-content\/uploads\/2018\/10\/ND3_9351-570x380.jpg 570w, http:\/\/hotelactive.pl\/wp-content\/uploads\/2018\/10\/ND3_9351-380x254.jpg 380w, http:\/\/hotelactive.pl\/wp-content\/uploads\/2018\/10\/ND3_9351-285x190.jpg 285w\" sizes=\"(max-width: 1024px) 100vw, 1024px\" \/><\/p>\n<p>Das Hotel Active verf\u00fcgt \u00fcber einen eigenen Verleih von Schwimmausr\u00fcstung und Citybikes.<\/p>\n<p>Es lohnt sich, Ihre Freizeit aktiv an der frischen Luft zu verbringen. Wir empfehlen eine Radtour um den See, eine Wanderung mit Nordic Walking St\u00f6cken oder eine Tretbootfahrt zur Mausinsel.<\/p>\n<p>Unseren G\u00e4sten stehen sechs Citybikes zur Verf\u00fcgung, darunter eines mit einem Sitz f\u00fcr j\u00fcngere Kinder und vier Tretboote. Um die Sicherheit zu gew\u00e4hrleisten, wird die Ausr\u00fcstung immer richtig ausgew\u00e4hlt und fachm\u00e4nnisch eingestellt.<\/p>\n<p>Um die Ausr\u00fcstung zu mieten, wenden Sie sich bitte an die Hotelrezeption.<\/p>\n<p>tel. (0 94) 37 490 70<\/p>\n<p>m. +48 790 666 882<\/p>\n","protected":false},"excerpt":{"rendered":"<p>Das Hotel Active verf\u00fcgt \u00fcber einen eigenen Verleih von Schwimmausr\u00fcstung und Citybikes. Es lohnt sich, Ihre Freizeit aktiv an der frischen Luft zu verbringen. Wir empfehlen eine Radtour um den See, eine Wanderung mit Nordic Walking St\u00f6cken oder eine Tretbootfahrt zur Mausinsel. Unseren G\u00e4sten stehen sechs Citybikes zur Verf\u00fcgung, darunter eines mit einem Sitz f\u00fcr<span class=\"post-excerpt-end\">&hellip;<\/span><\/p>\n<p class=\"more-link\"><a href=\"http:\/\/hotelactive.pl\/de\/wypozyczalnia-sprzetu\/\" class=\"themebutton\">Read More<\/a><\/p>\n","protected":false},"author":1,"featured_media":0,"parent":0,"menu_order":9,"comment_status":"closed","ping_status":"closed","template":"","meta":[],"translation":{"provider":"WPGlobus","version":"2.12.2","language":"de","enabled_languages":["pl","en","de"],"languages":{"pl":{"title":true,"content":true,"excerpt":false},"en":{"title":true,"content":true,"excerpt":false},"de":{"title":true,"content":true,"excerpt":false}}},"_links":{"self":[{"href":"http:\/\/hotelactive.pl\/de\/wp-json\/wp\/v2\/pages\/17"}],"collection":[{"href":"http:\/\/hotelactive.pl\/de\/wp-json\/wp\/v2\/pages"}],"about":[{"href":"http:\/\/hotelactive.pl\/de\/wp-json\/wp\/v2\/types\/page"}],"author":[{"embeddable":true,"href":"http:\/\/hotelactive.pl\/de\/wp-json\/wp\/v2\/users\/1"}],"replies":[{"embeddable":true,"href":"http:\/\/hotelactive.pl\/de\/wp-json\/wp\/v2\/comments?post=17"}],"version-history":[{"count":21,"href":"http:\/\/hotelactive.pl\/de\/wp-json\/wp\/v2\/pages\/17\/revisions"}],"predecessor-version":[{"id":284,"href":"http:\/\/hotelactive.pl\/de\/wp-json\/wp\/v2\/pages\/17\/revisions\/284"}],"wp:attachment":[{"href":"http:\/\/hotelactive.pl\/de\/wp-json\/wp\/v2\/media?parent=17"}],"curies":[{"name":"wp","href":"https:\/\/api.w.org\/{rel}","templated":true}]}}