{"id":11,"date":"2018-09-04T18:12:26","date_gmt":"2018-09-04T16:12:26","guid":{"rendered":"http:\/\/restauracja.psikus.net\/?page_id=11"},"modified":"2026-03-23T19:17:15","modified_gmt":"2026-03-23T18:17:15","slug":"cennik","status":"publish","type":"page","link":"http:\/\/hotelactive.pl\/de\/cennik\/","title":{"rendered":"Preisliste"},"content":{"rendered":"<p align=\"JUSTIFY\"><span style=\"color: #284659;\"><span style=\"font-size: large;\">Hotel ACTIVE &#8211; ein neu gebautes, modernes Hotel, 2 Meter vom Ufer des Trzesiecko Sees gelegen. Zu Ihrer Verf\u00fcgung stehen 11 komfortabel eingerichtete Nichtraucherzimmer mit 22 Schlafpl\u00e4tzen und eine wunderbare Dachterrasse mit dem Blick auf den See. Unser Hotel liegt im Herzen des Neustettiner Parks in unmittelbarer N\u00e4he zum Stadtzentrum. Hier werden Sie die ungest\u00f6rte Ruhe und Entspannung genie\u00dfen.<\/span><\/span><\/p>\n<p align=\"JUSTIFY\"><span style=\"color: #284659;\"><span style=\"font-size: large;\">Das Zimmer steht Ihnen am Anreisetag ab 14.00 Uhr zur Verf\u00fcgung. Damit unser Reinigungsteam gen\u00fcgend Zeit zur Vorbereitung f\u00fcr den n\u00e4chsten Gast hat, sollte am Abreisetag das Zimmer ab 11.00 Uhr zur Reinigung frei sein. Der Wunsch einer Aufenthaltsverl\u00e4ngerung sollte sp\u00e4testens bis 10:00 Uhr am Abreisetag der Rezeption gemeldet werden. Dieser Wunsch wird nur nach gegebenen M\u00f6glichkeiten ber\u00fccksichtigt.<\/span><\/span><\/p>\n<p align=\"JUSTIFY\"><span style=\"color: #284659;\"><span style=\"font-size: large;\">Die Zimmer unseres Hotels kombinieren perfekt Wohlf\u00fchlkomfort mit Stil und exzellentem Service. Jedes Zimmer ist mit Bad mit Dusche und Toilette, Festnetztelefon LCD-Fernseher mit kostenlosen polnischen und ausl\u00e4ndischen TV-Sendern, Safe, unbegrenztem Internetan-schluss und kabelloser WiFi Verbindung (auch au\u00dferhalb des Geb\u00e4udes) ausgestattet. Im Sommer steht Ihnen unser Bootsverleih zur Verf\u00fcgung: unsere Hotelg\u00e4ste k\u00f6nnen 2 Stunden am Tag Tretboote und Kanus benutzen (ausgenommen sind Samstage und Sonntage).<\/span><\/span><\/p>\n<table style=\"height: 456px;\" border=\"0\" width=\"332\" cellspacing=\"0\" cellpadding=\"2\">\n<colgroup>\n<col width=\"195\" \/>\n<col width=\"86\" \/> <\/colgroup>\n<tbody>\n<tr>\n<td colspan=\"2\" width=\"285\"><strong>Hauptsaison mit Fr\u00fchst\u00fcck und Parkplatz<br \/>\n<\/strong><\/td>\n<\/tr>\n<tr>\n<td width=\"195\"><strong>ECO<\/strong> 1-persone<\/td>\n<td width=\"86\">\n<p align=\"RIGHT\">270 PLN<\/p>\n<\/td>\n<\/tr>\n<tr>\n<td width=\"195\"><strong>ECO<\/strong> 2-persone<\/td>\n<td width=\"86\">\n<p align=\"RIGHT\">300 PLN<\/p>\n<\/td>\n<\/tr>\n<tr>\n<td width=\"195\"><strong>Standard<\/strong> 1-persone<\/td>\n<td width=\"86\">\n<p align=\"RIGHT\">300 PLN<\/p>\n<\/td>\n<\/tr>\n<tr>\n<td width=\"195\"><strong>Standard<\/strong> 2-persone<\/td>\n<td width=\"86\">\n<p align=\"RIGHT\">330 PLN<\/p>\n<\/td>\n<\/tr>\n<tr>\n<td width=\"195\"><strong>Lux<\/strong> 1-persone oder 2-persone<\/td>\n<td width=\"86\">\n<p align=\"RIGHT\">370 PLN<\/p>\n<\/td>\n<\/tr>\n<\/tbody>\n<\/table>\n<h1>ECO<\/h1>\n<p><img loading=\"lazy\" class=\"alignnone wp-image-202\" src=\"http:\/\/hotelactive.pl\/wp-content\/uploads\/2018\/10\/ND3_9107-1024x681.jpg\" alt=\"\" width=\"532\" height=\"354\" srcset=\"http:\/\/hotelactive.pl\/wp-content\/uploads\/2018\/10\/ND3_9107-1024x681.jpg 1024w, http:\/\/hotelactive.pl\/wp-content\/uploads\/2018\/10\/ND3_9107-300x200.jpg 300w, http:\/\/hotelactive.pl\/wp-content\/uploads\/2018\/10\/ND3_9107-768x511.jpg 768w, http:\/\/hotelactive.pl\/wp-content\/uploads\/2018\/10\/ND3_9107-570x380.jpg 570w, http:\/\/hotelactive.pl\/wp-content\/uploads\/2018\/10\/ND3_9107-380x254.jpg 380w, http:\/\/hotelactive.pl\/wp-content\/uploads\/2018\/10\/ND3_9107-285x190.jpg 285w\" sizes=\"(max-width: 532px) 100vw, 532px\" \/><img loading=\"lazy\" class=\"alignnone wp-image-203\" src=\"http:\/\/hotelactive.pl\/wp-content\/uploads\/2018\/10\/ND3_9142-1024x681.jpg\" alt=\"\" width=\"532\" height=\"354\" srcset=\"http:\/\/hotelactive.pl\/wp-content\/uploads\/2018\/10\/ND3_9142-1024x681.jpg 1024w, http:\/\/hotelactive.pl\/wp-content\/uploads\/2018\/10\/ND3_9142-300x200.jpg 300w, http:\/\/hotelactive.pl\/wp-content\/uploads\/2018\/10\/ND3_9142-768x511.jpg 768w, http:\/\/hotelactive.pl\/wp-content\/uploads\/2018\/10\/ND3_9142-570x380.jpg 570w, http:\/\/hotelactive.pl\/wp-content\/uploads\/2018\/10\/ND3_9142-380x254.jpg 380w, http:\/\/hotelactive.pl\/wp-content\/uploads\/2018\/10\/ND3_9142-285x190.jpg 285w\" sizes=\"(max-width: 532px) 100vw, 532px\" \/><img loading=\"lazy\" class=\"alignnone wp-image-56\" src=\"http:\/\/hotelactive.pl\/wp-content\/uploads\/2018\/09\/DSC_0039-1024x678.jpg\" alt=\"\" width=\"535\" height=\"354\" srcset=\"http:\/\/hotelactive.pl\/wp-content\/uploads\/2018\/09\/DSC_0039-1024x678.jpg 1024w, http:\/\/hotelactive.pl\/wp-content\/uploads\/2018\/09\/DSC_0039-300x199.jpg 300w, http:\/\/hotelactive.pl\/wp-content\/uploads\/2018\/09\/DSC_0039-768x509.jpg 768w, http:\/\/hotelactive.pl\/wp-content\/uploads\/2018\/09\/DSC_0039-285x190.jpg 285w, http:\/\/hotelactive.pl\/wp-content\/uploads\/2018\/09\/DSC_0039.jpg 1920w\" sizes=\"(max-width: 535px) 100vw, 535px\" \/> <img loading=\"lazy\" class=\"alignnone wp-image-55\" src=\"http:\/\/hotelactive.pl\/wp-content\/uploads\/2018\/09\/DSC_0036-1024x678.jpg\" alt=\"\" width=\"541\" height=\"358\" srcset=\"http:\/\/hotelactive.pl\/wp-content\/uploads\/2018\/09\/DSC_0036-1024x678.jpg 1024w, http:\/\/hotelactive.pl\/wp-content\/uploads\/2018\/09\/DSC_0036-300x199.jpg 300w, http:\/\/hotelactive.pl\/wp-content\/uploads\/2018\/09\/DSC_0036-768x509.jpg 768w, http:\/\/hotelactive.pl\/wp-content\/uploads\/2018\/09\/DSC_0036-285x190.jpg 285w, http:\/\/hotelactive.pl\/wp-content\/uploads\/2018\/09\/DSC_0036.jpg 1920w\" sizes=\"(max-width: 541px) 100vw, 541px\" \/><\/p>\n<h1>STANDARD<\/h1>\n<p><img loading=\"lazy\" class=\"alignnone wp-image-200\" src=\"http:\/\/hotelactive.pl\/wp-content\/uploads\/2018\/10\/ND3_9051-1024x681.jpg\" alt=\"\" width=\"553\" height=\"368\" srcset=\"http:\/\/hotelactive.pl\/wp-content\/uploads\/2018\/10\/ND3_9051-1024x681.jpg 1024w, http:\/\/hotelactive.pl\/wp-content\/uploads\/2018\/10\/ND3_9051-300x200.jpg 300w, http:\/\/hotelactive.pl\/wp-content\/uploads\/2018\/10\/ND3_9051-768x511.jpg 768w, http:\/\/hotelactive.pl\/wp-content\/uploads\/2018\/10\/ND3_9051-570x380.jpg 570w, http:\/\/hotelactive.pl\/wp-content\/uploads\/2018\/10\/ND3_9051-380x254.jpg 380w, http:\/\/hotelactive.pl\/wp-content\/uploads\/2018\/10\/ND3_9051-285x190.jpg 285w\" sizes=\"(max-width: 553px) 100vw, 553px\" \/> <img loading=\"lazy\" class=\"alignnone wp-image-201\" src=\"http:\/\/hotelactive.pl\/wp-content\/uploads\/2018\/10\/ND3_9054-1024x681.jpg\" alt=\"\" width=\"556\" height=\"370\" srcset=\"http:\/\/hotelactive.pl\/wp-content\/uploads\/2018\/10\/ND3_9054-1024x681.jpg 1024w, http:\/\/hotelactive.pl\/wp-content\/uploads\/2018\/10\/ND3_9054-300x200.jpg 300w, http:\/\/hotelactive.pl\/wp-content\/uploads\/2018\/10\/ND3_9054-768x511.jpg 768w, http:\/\/hotelactive.pl\/wp-content\/uploads\/2018\/10\/ND3_9054-570x380.jpg 570w, http:\/\/hotelactive.pl\/wp-content\/uploads\/2018\/10\/ND3_9054-380x254.jpg 380w, http:\/\/hotelactive.pl\/wp-content\/uploads\/2018\/10\/ND3_9054-285x190.jpg 285w\" sizes=\"(max-width: 556px) 100vw, 556px\" \/> <img loading=\"lazy\" class=\"alignnone wp-image-60\" src=\"http:\/\/hotelactive.pl\/wp-content\/uploads\/2018\/09\/DSC_0083-1024x678.jpg\" alt=\"\" width=\"556\" height=\"368\" srcset=\"http:\/\/hotelactive.pl\/wp-content\/uploads\/2018\/09\/DSC_0083-1024x678.jpg 1024w, http:\/\/hotelactive.pl\/wp-content\/uploads\/2018\/09\/DSC_0083-300x199.jpg 300w, http:\/\/hotelactive.pl\/wp-content\/uploads\/2018\/09\/DSC_0083-768x509.jpg 768w, http:\/\/hotelactive.pl\/wp-content\/uploads\/2018\/09\/DSC_0083-285x190.jpg 285w, http:\/\/hotelactive.pl\/wp-content\/uploads\/2018\/09\/DSC_0083.jpg 1920w\" sizes=\"(max-width: 556px) 100vw, 556px\" \/>\u00a0 <img loading=\"lazy\" class=\"alignnone wp-image-56\" src=\"http:\/\/hotelactive.pl\/wp-content\/uploads\/2018\/09\/DSC_0039-1024x678.jpg\" alt=\"\" width=\"554\" height=\"367\" srcset=\"http:\/\/hotelactive.pl\/wp-content\/uploads\/2018\/09\/DSC_0039-1024x678.jpg 1024w, http:\/\/hotelactive.pl\/wp-content\/uploads\/2018\/09\/DSC_0039-300x199.jpg 300w, http:\/\/hotelactive.pl\/wp-content\/uploads\/2018\/09\/DSC_0039-768x509.jpg 768w, http:\/\/hotelactive.pl\/wp-content\/uploads\/2018\/09\/DSC_0039-285x190.jpg 285w, http:\/\/hotelactive.pl\/wp-content\/uploads\/2018\/09\/DSC_0039.jpg 1920w\" sizes=\"(max-width: 554px) 100vw, 554px\" \/><\/p>\n<h1>LUX<\/h1>\n<h1><img loading=\"lazy\" class=\"alignnone wp-image-208\" src=\"http:\/\/hotelactive.pl\/wp-content\/uploads\/2018\/10\/ND3_9234-1024x681.jpg\" alt=\"\" width=\"544\" height=\"362\" srcset=\"http:\/\/hotelactive.pl\/wp-content\/uploads\/2018\/10\/ND3_9234-1024x681.jpg 1024w, http:\/\/hotelactive.pl\/wp-content\/uploads\/2018\/10\/ND3_9234-300x200.jpg 300w, http:\/\/hotelactive.pl\/wp-content\/uploads\/2018\/10\/ND3_9234-768x511.jpg 768w, http:\/\/hotelactive.pl\/wp-content\/uploads\/2018\/10\/ND3_9234-570x380.jpg 570w, http:\/\/hotelactive.pl\/wp-content\/uploads\/2018\/10\/ND3_9234-380x254.jpg 380w, http:\/\/hotelactive.pl\/wp-content\/uploads\/2018\/10\/ND3_9234-285x190.jpg 285w\" sizes=\"(max-width: 544px) 100vw, 544px\" \/>\u00a0 <img loading=\"lazy\" class=\"alignnone wp-image-214\" src=\"http:\/\/hotelactive.pl\/wp-content\/uploads\/2018\/10\/ND3_9288-1024x681.jpg\" alt=\"\" width=\"543\" height=\"361\" srcset=\"http:\/\/hotelactive.pl\/wp-content\/uploads\/2018\/10\/ND3_9288-1024x681.jpg 1024w, http:\/\/hotelactive.pl\/wp-content\/uploads\/2018\/10\/ND3_9288-300x200.jpg 300w, http:\/\/hotelactive.pl\/wp-content\/uploads\/2018\/10\/ND3_9288-768x511.jpg 768w, http:\/\/hotelactive.pl\/wp-content\/uploads\/2018\/10\/ND3_9288-570x380.jpg 570w, http:\/\/hotelactive.pl\/wp-content\/uploads\/2018\/10\/ND3_9288-380x254.jpg 380w, http:\/\/hotelactive.pl\/wp-content\/uploads\/2018\/10\/ND3_9288-285x190.jpg 285w\" sizes=\"(max-width: 543px) 100vw, 543px\" \/> <img loading=\"lazy\" class=\"alignnone wp-image-213\" src=\"http:\/\/hotelactive.pl\/wp-content\/uploads\/2018\/10\/ND3_9265-1024x681.jpg\" alt=\"\" width=\"541\" height=\"360\" srcset=\"http:\/\/hotelactive.pl\/wp-content\/uploads\/2018\/10\/ND3_9265-1024x681.jpg 1024w, http:\/\/hotelactive.pl\/wp-content\/uploads\/2018\/10\/ND3_9265-300x200.jpg 300w, http:\/\/hotelactive.pl\/wp-content\/uploads\/2018\/10\/ND3_9265-768x511.jpg 768w, http:\/\/hotelactive.pl\/wp-content\/uploads\/2018\/10\/ND3_9265-570x380.jpg 570w, http:\/\/hotelactive.pl\/wp-content\/uploads\/2018\/10\/ND3_9265-380x254.jpg 380w, http:\/\/hotelactive.pl\/wp-content\/uploads\/2018\/10\/ND3_9265-285x190.jpg 285w\" sizes=\"(max-width: 541px) 100vw, 541px\" \/>\u00a0 <img loading=\"lazy\" class=\"alignnone wp-image-204\" src=\"http:\/\/hotelactive.pl\/wp-content\/uploads\/2018\/10\/ND3_9161-1024x681.jpg\" alt=\"\" width=\"542\" height=\"361\" srcset=\"http:\/\/hotelactive.pl\/wp-content\/uploads\/2018\/10\/ND3_9161-1024x681.jpg 1024w, http:\/\/hotelactive.pl\/wp-content\/uploads\/2018\/10\/ND3_9161-300x200.jpg 300w, http:\/\/hotelactive.pl\/wp-content\/uploads\/2018\/10\/ND3_9161-768x511.jpg 768w, http:\/\/hotelactive.pl\/wp-content\/uploads\/2018\/10\/ND3_9161-570x380.jpg 570w, http:\/\/hotelactive.pl\/wp-content\/uploads\/2018\/10\/ND3_9161-380x254.jpg 380w, http:\/\/hotelactive.pl\/wp-content\/uploads\/2018\/10\/ND3_9161-285x190.jpg 285w\" sizes=\"(max-width: 542px) 100vw, 542px\" \/> <img loading=\"lazy\" class=\"alignnone wp-image-205\" src=\"http:\/\/hotelactive.pl\/wp-content\/uploads\/2018\/10\/ND3_9185-1024x681.jpg\" alt=\"\" width=\"541\" height=\"360\" srcset=\"http:\/\/hotelactive.pl\/wp-content\/uploads\/2018\/10\/ND3_9185-1024x681.jpg 1024w, http:\/\/hotelactive.pl\/wp-content\/uploads\/2018\/10\/ND3_9185-300x200.jpg 300w, http:\/\/hotelactive.pl\/wp-content\/uploads\/2018\/10\/ND3_9185-768x511.jpg 768w, http:\/\/hotelactive.pl\/wp-content\/uploads\/2018\/10\/ND3_9185-570x380.jpg 570w, http:\/\/hotelactive.pl\/wp-content\/uploads\/2018\/10\/ND3_9185-380x254.jpg 380w, http:\/\/hotelactive.pl\/wp-content\/uploads\/2018\/10\/ND3_9185-285x190.jpg 285w\" sizes=\"(max-width: 541px) 100vw, 541px\" \/>\u00a0 <img loading=\"lazy\" class=\"alignnone wp-image-81\" src=\"http:\/\/hotelactive.pl\/wp-content\/uploads\/2018\/09\/DSC_9966-1024x678.jpg\" alt=\"\" width=\"544\" height=\"360\" srcset=\"http:\/\/hotelactive.pl\/wp-content\/uploads\/2018\/09\/DSC_9966-1024x678.jpg 1024w, http:\/\/hotelactive.pl\/wp-content\/uploads\/2018\/09\/DSC_9966-300x199.jpg 300w, http:\/\/hotelactive.pl\/wp-content\/uploads\/2018\/09\/DSC_9966-768x509.jpg 768w, http:\/\/hotelactive.pl\/wp-content\/uploads\/2018\/09\/DSC_9966-285x190.jpg 285w, http:\/\/hotelactive.pl\/wp-content\/uploads\/2018\/09\/DSC_9966.jpg 1920w\" sizes=\"(max-width: 544px) 100vw, 544px\" \/><\/h1>\n<h1><img loading=\"lazy\" class=\"alignnone wp-image-175\" src=\"http:\/\/hotelactive.pl\/wp-content\/uploads\/2018\/10\/DSC_2242-1024x678.jpg\" alt=\"\" width=\"553\" height=\"366\" srcset=\"http:\/\/hotelactive.pl\/wp-content\/uploads\/2018\/10\/DSC_2242-1024x678.jpg 1024w, http:\/\/hotelactive.pl\/wp-content\/uploads\/2018\/10\/DSC_2242-300x199.jpg 300w, http:\/\/hotelactive.pl\/wp-content\/uploads\/2018\/10\/DSC_2242-768x509.jpg 768w, http:\/\/hotelactive.pl\/wp-content\/uploads\/2018\/10\/DSC_2242-285x190.jpg 285w, http:\/\/hotelactive.pl\/wp-content\/uploads\/2018\/10\/DSC_2242.jpg 1920w\" sizes=\"(max-width: 553px) 100vw, 553px\" \/><\/h1>\n<h1><img loading=\"lazy\" class=\"alignnone wp-image-211\" src=\"http:\/\/hotelactive.pl\/wp-content\/uploads\/2018\/10\/ND3_9255-682x1024.jpg\" alt=\"\" width=\"554\" height=\"832\" srcset=\"http:\/\/hotelactive.pl\/wp-content\/uploads\/2018\/10\/ND3_9255-682x1024.jpg 682w, http:\/\/hotelactive.pl\/wp-content\/uploads\/2018\/10\/ND3_9255-200x300.jpg 200w, http:\/\/hotelactive.pl\/wp-content\/uploads\/2018\/10\/ND3_9255-768x1154.jpg 768w\" sizes=\"(max-width: 554px) 100vw, 554px\" \/><\/h1>\n","protected":false},"excerpt":{"rendered":"<p>Hotel ACTIVE &#8211; ein neu gebautes, modernes Hotel, 2 Meter vom Ufer des Trzesiecko Sees gelegen. Zu Ihrer Verf\u00fcgung stehen 11 komfortabel eingerichtete Nichtraucherzimmer mit 22 Schlafpl\u00e4tzen und eine wunderbare Dachterrasse mit dem Blick auf den See. Unser Hotel liegt im Herzen des Neustettiner Parks in unmittelbarer N\u00e4he zum Stadtzentrum. Hier werden Sie die ungest\u00f6rte<span class=\"post-excerpt-end\">&hellip;<\/span><\/p>\n<p class=\"more-link\"><a href=\"http:\/\/hotelactive.pl\/de\/cennik\/\" class=\"themebutton\">Read More<\/a><\/p>\n","protected":false},"author":1,"featured_media":0,"parent":0,"menu_order":3,"comment_status":"closed","ping_status":"closed","template":"","meta":[],"translation":{"provider":"WPGlobus","version":"2.12.2","language":"de","enabled_languages":["pl","en","de"],"languages":{"pl":{"title":true,"content":true,"excerpt":false},"en":{"title":true,"content":true,"excerpt":false},"de":{"title":true,"content":true,"excerpt":false}}},"_links":{"self":[{"href":"http:\/\/hotelactive.pl\/de\/wp-json\/wp\/v2\/pages\/11"}],"collection":[{"href":"http:\/\/hotelactive.pl\/de\/wp-json\/wp\/v2\/pages"}],"about":[{"href":"http:\/\/hotelactive.pl\/de\/wp-json\/wp\/v2\/types\/page"}],"author":[{"embeddable":true,"href":"http:\/\/hotelactive.pl\/de\/wp-json\/wp\/v2\/users\/1"}],"replies":[{"embeddable":true,"href":"http:\/\/hotelactive.pl\/de\/wp-json\/wp\/v2\/comments?post=11"}],"version-history":[{"count":44,"href":"http:\/\/hotelactive.pl\/de\/wp-json\/wp\/v2\/pages\/11\/revisions"}],"predecessor-version":[{"id":559,"href":"http:\/\/hotelactive.pl\/de\/wp-json\/wp\/v2\/pages\/11\/revisions\/559"}],"wp:attachment":[{"href":"http:\/\/hotelactive.pl\/de\/wp-json\/wp\/v2\/media?parent=11"}],"curies":[{"name":"wp","href":"https:\/\/api.w.org\/{rel}","templated":true}]}}